{"id":13,"date":"2024-09-08T18:35:07","date_gmt":"2024-09-08T21:35:07","guid":{"rendered":"https:\/\/www.holinessbosque.org.br\/site\/?page_id=13"},"modified":"2026-01-24T19:15:50","modified_gmt":"2026-01-24T22:15:50","slug":"quem-somos","status":"publish","type":"page","link":"https:\/\/www.holinessbosque.org.br\/site\/index.php\/quem-somos\/","title":{"rendered":"Quem somos"},"content":{"rendered":"\n<h3 class=\"wp-block-heading\">Seja muito bem-vindo!<\/h3>\n\n\n\n<p>Somos uma igreja evang\u00e9lica que segue a Jesus Cristo.<\/p>\n\n\n\n<ul class=\"wp-block-list\">\n<li>Acreditamos que a B\u00edblia \u00e9 a Palavra de Deus e \u00e9 a nossa regra de f\u00e9 e pr\u00e1tica de vida.<\/li>\n<\/ul>\n\n\n\n<ul class=\"wp-block-list\">\n<li>Afirmamos que o perd\u00e3o de nossos pecados e a vida eterna s\u00e3o presentes que recebemos pela f\u00e9 em Cristo.<\/li>\n<\/ul>\n\n\n\n<ul class=\"wp-block-list\">\n<li>Entendemos que a igreja deve viver de acordo com os ensinamentos b\u00edblicos, procurando conhecer a Deus, am\u00e1-lo e tamb\u00e9m ao pr\u00f3ximo, de forma sincera e pr\u00e1tica em nossos dias. <\/li>\n<\/ul>\n\n\n\n<div style=\"margin-top:var(--wp--preset--spacing--30);margin-bottom:var(--wp--preset--spacing--30);height:33px\" aria-hidden=\"true\" class=\"wp-block-spacer\"><\/div>\n\n\n\n<h3 class=\"wp-block-heading has-text-align-left\">Nossa Vis\u00e3o<\/h3>\n\n\n\n<div class=\"wp-block-columns is-layout-flex wp-container-core-columns-is-layout-28f84493 wp-block-columns-is-layout-flex\">\n<div class=\"wp-block-column is-layout-flow wp-block-column-is-layout-flow\">\n<h5 class=\"wp-block-heading\">Cristoc\u00eantrica<\/h5>\n\n\n\n<p>O Evangelho \u00e9 a verdade central da revela\u00e7\u00e3o de Deus ao homem, tendo em Jesus a reconcilia\u00e7\u00e3o de todas as coisas. Cristo \u00e9 a fonte, o prop\u00f3sito, o alvo e a motiva\u00e7\u00e3o para tudo o que somos e fazemos.<\/p>\n<\/div>\n\n\n\n<div class=\"wp-block-column is-layout-flow wp-block-column-is-layout-flow\">\n<h5 class=\"wp-block-heading\">Missional<\/h5>\n\n\n\n<p>Sua identidade e natureza s\u00e3o definidas por Deus estar em miss\u00e3o e a Igreja, como o seu povo, \u00e9 enviada para participar dela. Na igreja missional, todos se percebem como participantes da miss\u00e3o de Deus no mundo e em sua comunidade local. <\/p>\n<\/div>\n\n\n\n<div class=\"wp-block-column is-layout-flow wp-block-column-is-layout-flow\">\n<h5 class=\"wp-block-heading\">Discipuladora<\/h5>\n\n\n\n<p>Ser discipuladora significa que o foco das a\u00e7\u00f5es da igreja \u00e9 levar as pessoas a serem e a fazerem disc\u00edpulos de Jesus.<\/p>\n<\/div>\n\n\n\n<div class=\"wp-block-column is-layout-flow wp-block-column-is-layout-flow\">\n<h5 class=\"wp-block-heading\">Simples<\/h5>\n\n\n\n<p>Organizada em torno de um processo objetivo e estrat\u00e9gico: conduzir as pessoas \u00e0 maturidade crist\u00e3, para que Cristo seja formado nelas e para que cumpram a grande comiss\u00e3o dada por Jesus.  <\/p>\n<\/div>\n<\/div>\n\n\n\n<div style=\"margin-top:var(--wp--preset--spacing--30);margin-bottom:var(--wp--preset--spacing--30);height:33px\" aria-hidden=\"true\" class=\"wp-block-spacer\"><\/div>\n\n\n\n<h3 class=\"wp-block-heading has-vivid-red-color has-text-color has-link-color wp-elements-a648b797c845d41967aee80976aa4d72\">Equipe Pastoral<\/h3>\n\n\n\n<div class=\"wp-block-columns is-layout-flex wp-container-core-columns-is-layout-28f84493 wp-block-columns-is-layout-flex\">\n<div class=\"wp-block-column is-layout-flow wp-block-column-is-layout-flow\" style=\"flex-basis:66.66%\">\n<p>Pr. Vagner de Paula<\/p>\n\n\n\n<p>Pra. Rosana de O. Urbano<\/p>\n\n\n\n<p>Pra. Tereza N. Kamiya<\/p>\n\n\n\n<p>Coop. Lucas Miyakawa<\/p>\n\n\n\n<p>Rayanne L. Miyakawa<\/p>\n<\/div>\n<\/div>\n\n\n\n<h3 class=\"wp-block-heading\"><\/h3>\n\n\n\n<p><\/p>\n","protected":false},"excerpt":{"rendered":"<p>Seja muito bem-vindo! Somos uma igreja evang\u00e9lica que segue a Jesus Cristo. Nossa Vis\u00e3o Cristoc\u00eantrica O Evangelho \u00e9 a verdade central da revela\u00e7\u00e3o de Deus ao homem, tendo em Jesus a reconcilia\u00e7\u00e3o de todas as coisas. Cristo \u00e9 a fonte, o prop\u00f3sito, o alvo e a motiva\u00e7\u00e3o para tudo o que somos e fazemos. Missional [&hellip;]<\/p>\n","protected":false},"author":1,"featured_media":0,"parent":0,"menu_order":0,"comment_status":"closed","ping_status":"closed","template":"","meta":{"footnotes":""},"class_list":["post-13","page","type-page","status-publish","hentry"],"yoast_head":"<!-- This site is optimized with the Yoast SEO plugin v27.4 - https:\/\/yoast.com\/product\/yoast-seo-wordpress\/ -->\n<title>Quem somos - Igreja Evang\u00e9lica Holiness Bosque<\/title>\n<meta name=\"robots\" content=\"index, follow, max-snippet:-1, max-image-preview:large, max-video-preview:-1\" \/>\n<link rel=\"canonical\" href=\"https:\/\/www.holinessbosque.org.br\/site\/index.php\/quem-somos\/\" \/>\n<meta property=\"og:locale\" content=\"pt_BR\" \/>\n<meta property=\"og:type\" content=\"article\" \/>\n<meta property=\"og:title\" content=\"Quem somos - Igreja Evang\u00e9lica Holiness Bosque\" \/>\n<meta property=\"og:description\" content=\"Seja muito bem-vindo! Somos uma igreja evang\u00e9lica que segue a Jesus Cristo. Nossa Vis\u00e3o Cristoc\u00eantrica O Evangelho \u00e9 a verdade central da revela\u00e7\u00e3o de Deus ao homem, tendo em Jesus a reconcilia\u00e7\u00e3o de todas as coisas. Cristo \u00e9 a fonte, o prop\u00f3sito, o alvo e a motiva\u00e7\u00e3o para tudo o que somos e fazemos. Missional [&hellip;]\" \/>\n<meta property=\"og:url\" content=\"https:\/\/www.holinessbosque.org.br\/site\/index.php\/quem-somos\/\" \/>\n<meta property=\"og:site_name\" content=\"Igreja Evang\u00e9lica Holiness Bosque\" \/>\n<meta property=\"article:modified_time\" content=\"2026-01-24T22:15:50+00:00\" \/>\n<meta name=\"twitter:card\" content=\"summary_large_image\" \/>\n<meta name=\"twitter:label1\" content=\"Est. tempo de leitura\" \/>\n\t<meta name=\"twitter:data1\" content=\"1 minuto\" \/>\n<script type=\"application\/ld+json\" class=\"yoast-schema-graph\">{\"@context\":\"https:\\\/\\\/schema.org\",\"@graph\":[{\"@type\":\"WebPage\",\"@id\":\"https:\\\/\\\/www.holinessbosque.org.br\\\/site\\\/index.php\\\/quem-somos\\\/\",\"url\":\"https:\\\/\\\/www.holinessbosque.org.br\\\/site\\\/index.php\\\/quem-somos\\\/\",\"name\":\"Quem somos - Igreja Evang\u00e9lica Holiness Bosque\",\"isPartOf\":{\"@id\":\"https:\\\/\\\/www.holinessbosque.org.br\\\/site\\\/#website\"},\"datePublished\":\"2024-09-08T21:35:07+00:00\",\"dateModified\":\"2026-01-24T22:15:50+00:00\",\"breadcrumb\":{\"@id\":\"https:\\\/\\\/www.holinessbosque.org.br\\\/site\\\/index.php\\\/quem-somos\\\/#breadcrumb\"},\"inLanguage\":\"pt-BR\",\"potentialAction\":[{\"@type\":\"ReadAction\",\"target\":[\"https:\\\/\\\/www.holinessbosque.org.br\\\/site\\\/index.php\\\/quem-somos\\\/\"]}]},{\"@type\":\"BreadcrumbList\",\"@id\":\"https:\\\/\\\/www.holinessbosque.org.br\\\/site\\\/index.php\\\/quem-somos\\\/#breadcrumb\",\"itemListElement\":[{\"@type\":\"ListItem\",\"position\":1,\"name\":\"In\u00edcio\",\"item\":\"https:\\\/\\\/www.holinessbosque.org.br\\\/site\\\/\"},{\"@type\":\"ListItem\",\"position\":2,\"name\":\"Quem somos\"}]},{\"@type\":\"WebSite\",\"@id\":\"https:\\\/\\\/www.holinessbosque.org.br\\\/site\\\/#website\",\"url\":\"https:\\\/\\\/www.holinessbosque.org.br\\\/site\\\/\",\"name\":\"Igreja Evang\u00e9lica Holiness Bosque\",\"description\":\"Igreja simples, cristoc\u00eantrica e discipuladora\",\"publisher\":{\"@id\":\"https:\\\/\\\/www.holinessbosque.org.br\\\/site\\\/#organization\"},\"potentialAction\":[{\"@type\":\"SearchAction\",\"target\":{\"@type\":\"EntryPoint\",\"urlTemplate\":\"https:\\\/\\\/www.holinessbosque.org.br\\\/site\\\/?s={search_term_string}\"},\"query-input\":{\"@type\":\"PropertyValueSpecification\",\"valueRequired\":true,\"valueName\":\"search_term_string\"}}],\"inLanguage\":\"pt-BR\"},{\"@type\":\"Organization\",\"@id\":\"https:\\\/\\\/www.holinessbosque.org.br\\\/site\\\/#organization\",\"name\":\"Igreja Evang\u00e9lica Holiness Bosque\",\"url\":\"https:\\\/\\\/www.holinessbosque.org.br\\\/site\\\/\",\"logo\":{\"@type\":\"ImageObject\",\"inLanguage\":\"pt-BR\",\"@id\":\"https:\\\/\\\/www.holinessbosque.org.br\\\/site\\\/#\\\/schema\\\/logo\\\/image\\\/\",\"url\":\"https:\\\/\\\/www.holinessbosque.org.br\\\/site\\\/wp-content\\\/uploads\\\/2024\\\/09\\\/bosque_reduzida-cor.png\",\"contentUrl\":\"https:\\\/\\\/www.holinessbosque.org.br\\\/site\\\/wp-content\\\/uploads\\\/2024\\\/09\\\/bosque_reduzida-cor.png\",\"width\":1843,\"height\":269,\"caption\":\"Igreja Evang\u00e9lica Holiness Bosque\"},\"image\":{\"@id\":\"https:\\\/\\\/www.holinessbosque.org.br\\\/site\\\/#\\\/schema\\\/logo\\\/image\\\/\"}}]}<\/script>\n<!-- \/ Yoast SEO plugin. -->","yoast_head_json":{"title":"Quem somos - Igreja Evang\u00e9lica Holiness Bosque","robots":{"index":"index","follow":"follow","max-snippet":"max-snippet:-1","max-image-preview":"max-image-preview:large","max-video-preview":"max-video-preview:-1"},"canonical":"https:\/\/www.holinessbosque.org.br\/site\/index.php\/quem-somos\/","og_locale":"pt_BR","og_type":"article","og_title":"Quem somos - Igreja Evang\u00e9lica Holiness Bosque","og_description":"Seja muito bem-vindo! Somos uma igreja evang\u00e9lica que segue a Jesus Cristo. Nossa Vis\u00e3o Cristoc\u00eantrica O Evangelho \u00e9 a verdade central da revela\u00e7\u00e3o de Deus ao homem, tendo em Jesus a reconcilia\u00e7\u00e3o de todas as coisas. Cristo \u00e9 a fonte, o prop\u00f3sito, o alvo e a motiva\u00e7\u00e3o para tudo o que somos e fazemos. Missional [&hellip;]","og_url":"https:\/\/www.holinessbosque.org.br\/site\/index.php\/quem-somos\/","og_site_name":"Igreja Evang\u00e9lica Holiness Bosque","article_modified_time":"2026-01-24T22:15:50+00:00","twitter_card":"summary_large_image","twitter_misc":{"Est. tempo de leitura":"1 minuto"},"schema":{"@context":"https:\/\/schema.org","@graph":[{"@type":"WebPage","@id":"https:\/\/www.holinessbosque.org.br\/site\/index.php\/quem-somos\/","url":"https:\/\/www.holinessbosque.org.br\/site\/index.php\/quem-somos\/","name":"Quem somos - Igreja Evang\u00e9lica Holiness Bosque","isPartOf":{"@id":"https:\/\/www.holinessbosque.org.br\/site\/#website"},"datePublished":"2024-09-08T21:35:07+00:00","dateModified":"2026-01-24T22:15:50+00:00","breadcrumb":{"@id":"https:\/\/www.holinessbosque.org.br\/site\/index.php\/quem-somos\/#breadcrumb"},"inLanguage":"pt-BR","potentialAction":[{"@type":"ReadAction","target":["https:\/\/www.holinessbosque.org.br\/site\/index.php\/quem-somos\/"]}]},{"@type":"BreadcrumbList","@id":"https:\/\/www.holinessbosque.org.br\/site\/index.php\/quem-somos\/#breadcrumb","itemListElement":[{"@type":"ListItem","position":1,"name":"In\u00edcio","item":"https:\/\/www.holinessbosque.org.br\/site\/"},{"@type":"ListItem","position":2,"name":"Quem somos"}]},{"@type":"WebSite","@id":"https:\/\/www.holinessbosque.org.br\/site\/#website","url":"https:\/\/www.holinessbosque.org.br\/site\/","name":"Igreja Evang\u00e9lica Holiness Bosque","description":"Igreja simples, cristoc\u00eantrica e discipuladora","publisher":{"@id":"https:\/\/www.holinessbosque.org.br\/site\/#organization"},"potentialAction":[{"@type":"SearchAction","target":{"@type":"EntryPoint","urlTemplate":"https:\/\/www.holinessbosque.org.br\/site\/?s={search_term_string}"},"query-input":{"@type":"PropertyValueSpecification","valueRequired":true,"valueName":"search_term_string"}}],"inLanguage":"pt-BR"},{"@type":"Organization","@id":"https:\/\/www.holinessbosque.org.br\/site\/#organization","name":"Igreja Evang\u00e9lica Holiness Bosque","url":"https:\/\/www.holinessbosque.org.br\/site\/","logo":{"@type":"ImageObject","inLanguage":"pt-BR","@id":"https:\/\/www.holinessbosque.org.br\/site\/#\/schema\/logo\/image\/","url":"https:\/\/www.holinessbosque.org.br\/site\/wp-content\/uploads\/2024\/09\/bosque_reduzida-cor.png","contentUrl":"https:\/\/www.holinessbosque.org.br\/site\/wp-content\/uploads\/2024\/09\/bosque_reduzida-cor.png","width":1843,"height":269,"caption":"Igreja Evang\u00e9lica Holiness Bosque"},"image":{"@id":"https:\/\/www.holinessbosque.org.br\/site\/#\/schema\/logo\/image\/"}}]}},"_links":{"self":[{"href":"https:\/\/www.holinessbosque.org.br\/site\/index.php\/wp-json\/wp\/v2\/pages\/13","targetHints":{"allow":["GET"]}}],"collection":[{"href":"https:\/\/www.holinessbosque.org.br\/site\/index.php\/wp-json\/wp\/v2\/pages"}],"about":[{"href":"https:\/\/www.holinessbosque.org.br\/site\/index.php\/wp-json\/wp\/v2\/types\/page"}],"author":[{"embeddable":true,"href":"https:\/\/www.holinessbosque.org.br\/site\/index.php\/wp-json\/wp\/v2\/users\/1"}],"replies":[{"embeddable":true,"href":"https:\/\/www.holinessbosque.org.br\/site\/index.php\/wp-json\/wp\/v2\/comments?post=13"}],"version-history":[{"count":15,"href":"https:\/\/www.holinessbosque.org.br\/site\/index.php\/wp-json\/wp\/v2\/pages\/13\/revisions"}],"predecessor-version":[{"id":274,"href":"https:\/\/www.holinessbosque.org.br\/site\/index.php\/wp-json\/wp\/v2\/pages\/13\/revisions\/274"}],"wp:attachment":[{"href":"https:\/\/www.holinessbosque.org.br\/site\/index.php\/wp-json\/wp\/v2\/media?parent=13"}],"curies":[{"name":"wp","href":"https:\/\/api.w.org\/{rel}","templated":true}]}}