{"id":132,"date":"2024-10-19T17:29:51","date_gmt":"2024-10-19T20:29:51","guid":{"rendered":"https:\/\/www.holinessbosque.org.br\/site\/?page_id=132"},"modified":"2026-01-24T18:51:17","modified_gmt":"2026-01-24T21:51:17","slug":"quem-somos-2","status":"publish","type":"page","link":"https:\/\/www.holinessbosque.org.br\/site\/index.php\/quem-somos-2\/","title":{"rendered":"Minist\u00e9rios"},"content":{"rendered":"\n<p>A Holiness Bosque atua com diversos minist\u00e9rios. Conhe\u00e7a alguns deles.<\/p>\n\n\n\n<div class=\"wp-block-group is-vertical is-layout-flex wp-container-core-group-is-layout-fe9cc265 wp-block-group-is-layout-flex\">\n<div class=\"wp-block-media-text alignwide is-stacked-on-mobile is-vertically-aligned-center\" style=\"grid-template-columns:60% auto\"><figure class=\"wp-block-media-text__media\"><img fetchpriority=\"high\" decoding=\"async\" width=\"800\" height=\"450\" src=\"https:\/\/www.holinessbosque.org.br\/site\/wp-content\/uploads\/2026\/01\/ministerio-infantil-800-3.jpg\" alt=\"\" class=\"wp-image-256 size-full\" srcset=\"https:\/\/www.holinessbosque.org.br\/site\/wp-content\/uploads\/2026\/01\/ministerio-infantil-800-3.jpg 800w, https:\/\/www.holinessbosque.org.br\/site\/wp-content\/uploads\/2026\/01\/ministerio-infantil-800-3-300x169.jpg 300w, https:\/\/www.holinessbosque.org.br\/site\/wp-content\/uploads\/2026\/01\/ministerio-infantil-800-3-768x432.jpg 768w\" sizes=\"(max-width: 800px) 100vw, 800px\" \/><\/figure><div class=\"wp-block-media-text__content\">\n<h2 class=\"wp-block-heading has-text-color\" style=\"color:#000000;font-size:clamp(20px, 1.25rem + ((1vw - 3.2px) * 1.364), 32px);\"><strong>Bosque Kids<\/strong><\/h2>\n\n\n\n<p class=\"has-text-color\" style=\"color:#000000;font-size:clamp(14px, 0.875rem + ((1vw - 3.2px) * 0.341), 17px);\">Para crian\u00e7as de 0 a 11 anos.<\/p>\n\n\n\n<p>Domingos \u00e0s 9h<\/p>\n\n\n<\/div><\/div>\n\n\n\n<div class=\"wp-block-media-text alignwide is-stacked-on-mobile is-vertically-aligned-center\" style=\"grid-template-columns:60% auto\"><figure class=\"wp-block-media-text__media\"><img decoding=\"async\" width=\"800\" height=\"450\" src=\"https:\/\/www.holinessbosque.org.br\/site\/wp-content\/uploads\/2026\/01\/ministerio-teens-800-1.jpg\" alt=\"\" class=\"wp-image-259 size-full\" srcset=\"https:\/\/www.holinessbosque.org.br\/site\/wp-content\/uploads\/2026\/01\/ministerio-teens-800-1.jpg 800w, https:\/\/www.holinessbosque.org.br\/site\/wp-content\/uploads\/2026\/01\/ministerio-teens-800-1-300x169.jpg 300w, https:\/\/www.holinessbosque.org.br\/site\/wp-content\/uploads\/2026\/01\/ministerio-teens-800-1-768x432.jpg 768w\" sizes=\"(max-width: 800px) 100vw, 800px\" \/><\/figure><div class=\"wp-block-media-text__content\">\n<h2 class=\"wp-block-heading has-text-color\" style=\"color:#000000;font-size:clamp(20px, 1.25rem + ((1vw - 3.2px) * 1.364), 32px);\"><strong>Bosque Teens<\/strong><\/h2>\n\n\n\n<p class=\"has-text-color\" style=\"color:#000000;font-size:clamp(14px, 0.875rem + ((1vw - 3.2px) * 0.341), 17px);\">Adolescentes de 11 a 15 anos.<\/p>\n\n\n\n<p>Domingos \u00e0s 9h<\/p>\n\n\n<\/div><\/div>\n\n\n\n<div class=\"wp-block-media-text alignwide is-stacked-on-mobile is-vertically-aligned-center\" style=\"grid-template-columns:60% auto\"><figure class=\"wp-block-media-text__media\"><img decoding=\"async\" width=\"800\" height=\"450\" src=\"https:\/\/www.holinessbosque.org.br\/site\/wp-content\/uploads\/2026\/01\/ministerio-hikari-800-1.jpg\" alt=\"\" class=\"wp-image-260 size-full\" srcset=\"https:\/\/www.holinessbosque.org.br\/site\/wp-content\/uploads\/2026\/01\/ministerio-hikari-800-1.jpg 800w, https:\/\/www.holinessbosque.org.br\/site\/wp-content\/uploads\/2026\/01\/ministerio-hikari-800-1-300x169.jpg 300w, https:\/\/www.holinessbosque.org.br\/site\/wp-content\/uploads\/2026\/01\/ministerio-hikari-800-1-768x432.jpg 768w\" sizes=\"(max-width: 800px) 100vw, 800px\" \/><\/figure><div class=\"wp-block-media-text__content\">\n<h2 class=\"wp-block-heading has-text-color\" style=\"color:#000000;font-size:clamp(20px, 1.25rem + ((1vw - 3.2px) * 1.364), 32px);\"><strong>King&#8217;s Kids &#8211; Hikari<\/strong><\/h2>\n\n\n\n<p class=\"has-text-color\" style=\"color:#000000;font-size:clamp(14px, 0.875rem + ((1vw - 3.2px) * 0.341), 17px);\">2. e 4. Domingos do m\u00eas<\/p>\n\n\n<\/div><\/div>\n\n\n\n<div class=\"wp-block-media-text alignwide is-stacked-on-mobile is-vertically-aligned-center\" style=\"grid-template-columns:60% auto\"><figure class=\"wp-block-media-text__media\"><img loading=\"lazy\" decoding=\"async\" width=\"800\" height=\"450\" src=\"https:\/\/www.holinessbosque.org.br\/site\/wp-content\/uploads\/2026\/01\/ministerio-mocidade-800-1.jpg\" alt=\"\" class=\"wp-image-267 size-full\" srcset=\"https:\/\/www.holinessbosque.org.br\/site\/wp-content\/uploads\/2026\/01\/ministerio-mocidade-800-1.jpg 800w, https:\/\/www.holinessbosque.org.br\/site\/wp-content\/uploads\/2026\/01\/ministerio-mocidade-800-1-300x169.jpg 300w, https:\/\/www.holinessbosque.org.br\/site\/wp-content\/uploads\/2026\/01\/ministerio-mocidade-800-1-768x432.jpg 768w\" sizes=\"(max-width: 800px) 100vw, 800px\" \/><\/figure><div class=\"wp-block-media-text__content\">\n<h2 class=\"wp-block-heading has-text-color\" style=\"color:#000000;font-size:clamp(20px, 1.25rem + ((1vw - 3.2px) * 1.364), 32px);\"><strong>Mocidade<\/strong><\/h2>\n\n\n\n<p class=\"has-text-color\" style=\"color:#000000;font-size:clamp(14px, 0.875rem + ((1vw - 3.2px) * 0.341), 17px);\">S\u00e1bados &#8211; 15h<\/p>\n\n\n<\/div><\/div>\n\n\n\n<div class=\"wp-block-media-text alignwide is-stacked-on-mobile is-vertically-aligned-center\" style=\"grid-template-columns:60% auto\"><figure class=\"wp-block-media-text__media\"><img loading=\"lazy\" decoding=\"async\" width=\"800\" height=\"450\" src=\"https:\/\/www.holinessbosque.org.br\/site\/wp-content\/uploads\/2026\/01\/ministerios-bosque-ensino-800.jpg\" alt=\"\" class=\"wp-image-266 size-full\" srcset=\"https:\/\/www.holinessbosque.org.br\/site\/wp-content\/uploads\/2026\/01\/ministerios-bosque-ensino-800.jpg 800w, https:\/\/www.holinessbosque.org.br\/site\/wp-content\/uploads\/2026\/01\/ministerios-bosque-ensino-800-300x169.jpg 300w, https:\/\/www.holinessbosque.org.br\/site\/wp-content\/uploads\/2026\/01\/ministerios-bosque-ensino-800-768x432.jpg 768w\" sizes=\"(max-width: 800px) 100vw, 800px\" \/><\/figure><div class=\"wp-block-media-text__content\">\n<h2 class=\"wp-block-heading has-text-color\" style=\"color:#000000;font-size:clamp(20px, 1.25rem + ((1vw - 3.2px) * 1.364), 32px);\"><strong>Bosque Ensino<\/strong><\/h2>\n\n\n\n<p class=\"has-text-color\" style=\"color:#000000;font-size:clamp(14px, 0.875rem + ((1vw - 3.2px) * 0.341), 17px);\">Presencial &#8211; Domingo &#8211; 11h<\/p>\n\n\n\n<p>Online &#8211; Ter\u00e7a &#8211; 20h<\/p>\n\n\n<\/div><\/div>\n\n\n\n<div class=\"wp-block-media-text alignwide is-stacked-on-mobile is-vertically-aligned-center\" style=\"grid-template-columns:60% auto\"><figure class=\"wp-block-media-text__media\"><img loading=\"lazy\" decoding=\"async\" width=\"800\" height=\"450\" src=\"https:\/\/www.holinessbosque.org.br\/site\/wp-content\/uploads\/2026\/01\/parceiros-de-oracao-800.jpg\" alt=\"\" class=\"wp-image-252 size-full\" srcset=\"https:\/\/www.holinessbosque.org.br\/site\/wp-content\/uploads\/2026\/01\/parceiros-de-oracao-800.jpg 800w, https:\/\/www.holinessbosque.org.br\/site\/wp-content\/uploads\/2026\/01\/parceiros-de-oracao-800-300x169.jpg 300w, https:\/\/www.holinessbosque.org.br\/site\/wp-content\/uploads\/2026\/01\/parceiros-de-oracao-800-768x432.jpg 768w\" sizes=\"(max-width: 800px) 100vw, 800px\" \/><\/figure><div class=\"wp-block-media-text__content\">\n<h2 class=\"wp-block-heading has-text-color\" style=\"color:#000000;font-size:clamp(20px, 1.25rem + ((1vw - 3.2px) * 1.364), 32px);\"><strong>Parceiros de Ora\u00e7\u00e3o<\/strong><\/h2>\n\n\n\n<p class=\"has-text-color\" style=\"color:#000000;font-size:clamp(14px, 0.875rem + ((1vw - 3.2px) * 0.341), 17px);\">Encontros de Ora\u00e7\u00e3o e intercess\u00e3o \u00e0s quartas-feiras.<\/p>\n\n\n\n<p>Agende com a secretaria<\/p>\n\n\n<\/div><\/div>\n\n\n\n<div class=\"wp-block-media-text alignwide is-stacked-on-mobile is-vertically-aligned-center\" style=\"grid-template-columns:60% auto\"><figure class=\"wp-block-media-text__media\"><img loading=\"lazy\" decoding=\"async\" width=\"800\" height=\"450\" src=\"https:\/\/www.holinessbosque.org.br\/site\/wp-content\/uploads\/2026\/01\/ministerios-ginastica-800.jpg\" alt=\"\" class=\"wp-image-249 size-full\" srcset=\"https:\/\/www.holinessbosque.org.br\/site\/wp-content\/uploads\/2026\/01\/ministerios-ginastica-800.jpg 800w, https:\/\/www.holinessbosque.org.br\/site\/wp-content\/uploads\/2026\/01\/ministerios-ginastica-800-300x169.jpg 300w, https:\/\/www.holinessbosque.org.br\/site\/wp-content\/uploads\/2026\/01\/ministerios-ginastica-800-768x432.jpg 768w\" sizes=\"(max-width: 800px) 100vw, 800px\" \/><\/figure><div class=\"wp-block-media-text__content\">\n<h2 class=\"wp-block-heading has-text-color\" style=\"color:#000000;font-size:clamp(20px, 1.25rem + ((1vw - 3.2px) * 1.364), 32px);\"><strong>Gin\u00e1stica<\/strong><\/h2>\n\n\n\n<p class=\"has-text-color\" style=\"color:#000000;font-size:clamp(14px, 0.875rem + ((1vw - 3.2px) * 0.341), 17px);\">De segunda a sexta &#8211; 7h<\/p>\n\n\n\n<div class=\"wp-block-buttons is-layout-flex wp-block-buttons-is-layout-flex\"><\/div>\n<\/div><\/div>\n\n\n\n<div class=\"wp-block-media-text alignwide is-stacked-on-mobile is-vertically-aligned-center\" style=\"grid-template-columns:60% auto\"><figure class=\"wp-block-media-text__media\"><img loading=\"lazy\" decoding=\"async\" width=\"800\" height=\"450\" src=\"https:\/\/www.holinessbosque.org.br\/site\/wp-content\/uploads\/2026\/01\/ministerios-oficina-de-artes-800.jpg\" alt=\"\" class=\"wp-image-251 size-full\" srcset=\"https:\/\/www.holinessbosque.org.br\/site\/wp-content\/uploads\/2026\/01\/ministerios-oficina-de-artes-800.jpg 800w, https:\/\/www.holinessbosque.org.br\/site\/wp-content\/uploads\/2026\/01\/ministerios-oficina-de-artes-800-300x169.jpg 300w, https:\/\/www.holinessbosque.org.br\/site\/wp-content\/uploads\/2026\/01\/ministerios-oficina-de-artes-800-768x432.jpg 768w\" sizes=\"(max-width: 800px) 100vw, 800px\" \/><\/figure><div class=\"wp-block-media-text__content\">\n<h2 class=\"wp-block-heading has-text-color\" style=\"color:#000000;font-size:clamp(20px, 1.25rem + ((1vw - 3.2px) * 1.364), 32px);\"><strong>Artesanato<\/strong><\/h2>\n\n\n\n<p class=\"has-text-color\" style=\"color:#000000;font-size:clamp(14px, 0.875rem + ((1vw - 3.2px) * 0.341), 17px);\">Ter\u00e7a-feira &#8211; 14h<\/p>\n\n\n<\/div><\/div>\n\n\n\n<div class=\"wp-block-media-text alignwide is-stacked-on-mobile is-vertically-aligned-center\" style=\"grid-template-columns:60% auto\"><figure class=\"wp-block-media-text__media\"><img loading=\"lazy\" decoding=\"async\" width=\"800\" height=\"450\" src=\"https:\/\/www.holinessbosque.org.br\/site\/wp-content\/uploads\/2026\/01\/ministerio-bosque-solidario-800-1.jpg\" alt=\"\" class=\"wp-image-265 size-full\" srcset=\"https:\/\/www.holinessbosque.org.br\/site\/wp-content\/uploads\/2026\/01\/ministerio-bosque-solidario-800-1.jpg 800w, https:\/\/www.holinessbosque.org.br\/site\/wp-content\/uploads\/2026\/01\/ministerio-bosque-solidario-800-1-300x169.jpg 300w, https:\/\/www.holinessbosque.org.br\/site\/wp-content\/uploads\/2026\/01\/ministerio-bosque-solidario-800-1-768x432.jpg 768w\" sizes=\"(max-width: 800px) 100vw, 800px\" \/><\/figure><div class=\"wp-block-media-text__content\">\n<h2 class=\"wp-block-heading has-text-color\" style=\"color:#000000;font-size:clamp(20px, 1.25rem + ((1vw - 3.2px) * 1.364), 32px);\"><strong>Bosque Solid\u00e1rio<\/strong><\/h2>\n\n\n\n<p class=\"has-text-color\" style=\"color:#000000;font-size:clamp(14px, 0.875rem + ((1vw - 3.2px) * 0.341), 17px);\">A\u00e7\u00f5es todos os meses<\/p>\n\n\n<\/div><\/div>\n<\/div>\n\n\n\n<p><\/p>\n","protected":false},"excerpt":{"rendered":"<p>A Holiness Bosque atua com diversos minist\u00e9rios. Conhe\u00e7a alguns deles. Bosque Kids Para crian\u00e7as de 0 a 11 anos. Domingos \u00e0s 9h Bosque Teens Adolescentes de 11 a 15 anos. Domingos \u00e0s 9h King&#8217;s Kids &#8211; Hikari 2. e 4. Domingos do m\u00eas Mocidade S\u00e1bados &#8211; 15h Bosque Ensino Presencial &#8211; Domingo &#8211; 11h Online [&hellip;]<\/p>\n","protected":false},"author":2,"featured_media":0,"parent":0,"menu_order":0,"comment_status":"closed","ping_status":"closed","template":"","meta":{"footnotes":""},"class_list":["post-132","page","type-page","status-publish","hentry"],"yoast_head":"<!-- This site is optimized with the Yoast SEO plugin v27.4 - https:\/\/yoast.com\/product\/yoast-seo-wordpress\/ -->\n<title>Minist\u00e9rios - Igreja Evang\u00e9lica Holiness Bosque<\/title>\n<meta name=\"robots\" content=\"index, follow, max-snippet:-1, max-image-preview:large, max-video-preview:-1\" \/>\n<link rel=\"canonical\" href=\"https:\/\/www.holinessbosque.org.br\/site\/index.php\/quem-somos-2\/\" \/>\n<meta property=\"og:locale\" content=\"pt_BR\" \/>\n<meta property=\"og:type\" content=\"article\" \/>\n<meta property=\"og:title\" content=\"Minist\u00e9rios - Igreja Evang\u00e9lica Holiness Bosque\" \/>\n<meta property=\"og:description\" content=\"A Holiness Bosque atua com diversos minist\u00e9rios. Conhe\u00e7a alguns deles. Bosque Kids Para crian\u00e7as de 0 a 11 anos. Domingos \u00e0s 9h Bosque Teens Adolescentes de 11 a 15 anos. Domingos \u00e0s 9h King&#8217;s Kids &#8211; Hikari 2. e 4. Domingos do m\u00eas Mocidade S\u00e1bados &#8211; 15h Bosque Ensino Presencial &#8211; Domingo &#8211; 11h Online [&hellip;]\" \/>\n<meta property=\"og:url\" content=\"https:\/\/www.holinessbosque.org.br\/site\/index.php\/quem-somos-2\/\" \/>\n<meta property=\"og:site_name\" content=\"Igreja Evang\u00e9lica Holiness Bosque\" \/>\n<meta property=\"article:modified_time\" content=\"2026-01-24T21:51:17+00:00\" \/>\n<meta property=\"og:image\" content=\"https:\/\/www.holinessbosque.org.br\/site\/wp-content\/uploads\/2026\/01\/ministerio-infantil-800-3.jpg\" \/>\n\t<meta property=\"og:image:width\" content=\"800\" \/>\n\t<meta property=\"og:image:height\" content=\"450\" \/>\n\t<meta property=\"og:image:type\" content=\"image\/jpeg\" \/>\n<meta name=\"twitter:card\" content=\"summary_large_image\" \/>\n<meta name=\"twitter:label1\" content=\"Est. tempo de leitura\" \/>\n\t<meta name=\"twitter:data1\" content=\"1 minuto\" \/>\n<script type=\"application\/ld+json\" class=\"yoast-schema-graph\">{\"@context\":\"https:\\\/\\\/schema.org\",\"@graph\":[{\"@type\":\"WebPage\",\"@id\":\"https:\\\/\\\/www.holinessbosque.org.br\\\/site\\\/index.php\\\/quem-somos-2\\\/\",\"url\":\"https:\\\/\\\/www.holinessbosque.org.br\\\/site\\\/index.php\\\/quem-somos-2\\\/\",\"name\":\"Minist\u00e9rios - Igreja Evang\u00e9lica Holiness Bosque\",\"isPartOf\":{\"@id\":\"https:\\\/\\\/www.holinessbosque.org.br\\\/site\\\/#website\"},\"primaryImageOfPage\":{\"@id\":\"https:\\\/\\\/www.holinessbosque.org.br\\\/site\\\/index.php\\\/quem-somos-2\\\/#primaryimage\"},\"image\":{\"@id\":\"https:\\\/\\\/www.holinessbosque.org.br\\\/site\\\/index.php\\\/quem-somos-2\\\/#primaryimage\"},\"thumbnailUrl\":\"https:\\\/\\\/www.holinessbosque.org.br\\\/site\\\/wp-content\\\/uploads\\\/2026\\\/01\\\/ministerio-infantil-800-3.jpg\",\"datePublished\":\"2024-10-19T20:29:51+00:00\",\"dateModified\":\"2026-01-24T21:51:17+00:00\",\"breadcrumb\":{\"@id\":\"https:\\\/\\\/www.holinessbosque.org.br\\\/site\\\/index.php\\\/quem-somos-2\\\/#breadcrumb\"},\"inLanguage\":\"pt-BR\",\"potentialAction\":[{\"@type\":\"ReadAction\",\"target\":[\"https:\\\/\\\/www.holinessbosque.org.br\\\/site\\\/index.php\\\/quem-somos-2\\\/\"]}]},{\"@type\":\"ImageObject\",\"inLanguage\":\"pt-BR\",\"@id\":\"https:\\\/\\\/www.holinessbosque.org.br\\\/site\\\/index.php\\\/quem-somos-2\\\/#primaryimage\",\"url\":\"https:\\\/\\\/www.holinessbosque.org.br\\\/site\\\/wp-content\\\/uploads\\\/2026\\\/01\\\/ministerio-infantil-800-3.jpg\",\"contentUrl\":\"https:\\\/\\\/www.holinessbosque.org.br\\\/site\\\/wp-content\\\/uploads\\\/2026\\\/01\\\/ministerio-infantil-800-3.jpg\",\"width\":800,\"height\":450},{\"@type\":\"BreadcrumbList\",\"@id\":\"https:\\\/\\\/www.holinessbosque.org.br\\\/site\\\/index.php\\\/quem-somos-2\\\/#breadcrumb\",\"itemListElement\":[{\"@type\":\"ListItem\",\"position\":1,\"name\":\"In\u00edcio\",\"item\":\"https:\\\/\\\/www.holinessbosque.org.br\\\/site\\\/\"},{\"@type\":\"ListItem\",\"position\":2,\"name\":\"Minist\u00e9rios\"}]},{\"@type\":\"WebSite\",\"@id\":\"https:\\\/\\\/www.holinessbosque.org.br\\\/site\\\/#website\",\"url\":\"https:\\\/\\\/www.holinessbosque.org.br\\\/site\\\/\",\"name\":\"Igreja Evang\u00e9lica Holiness Bosque\",\"description\":\"Igreja simples, cristoc\u00eantrica e discipuladora\",\"publisher\":{\"@id\":\"https:\\\/\\\/www.holinessbosque.org.br\\\/site\\\/#organization\"},\"potentialAction\":[{\"@type\":\"SearchAction\",\"target\":{\"@type\":\"EntryPoint\",\"urlTemplate\":\"https:\\\/\\\/www.holinessbosque.org.br\\\/site\\\/?s={search_term_string}\"},\"query-input\":{\"@type\":\"PropertyValueSpecification\",\"valueRequired\":true,\"valueName\":\"search_term_string\"}}],\"inLanguage\":\"pt-BR\"},{\"@type\":\"Organization\",\"@id\":\"https:\\\/\\\/www.holinessbosque.org.br\\\/site\\\/#organization\",\"name\":\"Igreja Evang\u00e9lica Holiness Bosque\",\"url\":\"https:\\\/\\\/www.holinessbosque.org.br\\\/site\\\/\",\"logo\":{\"@type\":\"ImageObject\",\"inLanguage\":\"pt-BR\",\"@id\":\"https:\\\/\\\/www.holinessbosque.org.br\\\/site\\\/#\\\/schema\\\/logo\\\/image\\\/\",\"url\":\"https:\\\/\\\/www.holinessbosque.org.br\\\/site\\\/wp-content\\\/uploads\\\/2024\\\/09\\\/bosque_reduzida-cor.png\",\"contentUrl\":\"https:\\\/\\\/www.holinessbosque.org.br\\\/site\\\/wp-content\\\/uploads\\\/2024\\\/09\\\/bosque_reduzida-cor.png\",\"width\":1843,\"height\":269,\"caption\":\"Igreja Evang\u00e9lica Holiness Bosque\"},\"image\":{\"@id\":\"https:\\\/\\\/www.holinessbosque.org.br\\\/site\\\/#\\\/schema\\\/logo\\\/image\\\/\"}}]}<\/script>\n<!-- \/ Yoast SEO plugin. -->","yoast_head_json":{"title":"Minist\u00e9rios - Igreja Evang\u00e9lica Holiness Bosque","robots":{"index":"index","follow":"follow","max-snippet":"max-snippet:-1","max-image-preview":"max-image-preview:large","max-video-preview":"max-video-preview:-1"},"canonical":"https:\/\/www.holinessbosque.org.br\/site\/index.php\/quem-somos-2\/","og_locale":"pt_BR","og_type":"article","og_title":"Minist\u00e9rios - Igreja Evang\u00e9lica Holiness Bosque","og_description":"A Holiness Bosque atua com diversos minist\u00e9rios. Conhe\u00e7a alguns deles. Bosque Kids Para crian\u00e7as de 0 a 11 anos. Domingos \u00e0s 9h Bosque Teens Adolescentes de 11 a 15 anos. Domingos \u00e0s 9h King&#8217;s Kids &#8211; Hikari 2. e 4. Domingos do m\u00eas Mocidade S\u00e1bados &#8211; 15h Bosque Ensino Presencial &#8211; Domingo &#8211; 11h Online [&hellip;]","og_url":"https:\/\/www.holinessbosque.org.br\/site\/index.php\/quem-somos-2\/","og_site_name":"Igreja Evang\u00e9lica Holiness Bosque","article_modified_time":"2026-01-24T21:51:17+00:00","og_image":[{"width":800,"height":450,"url":"https:\/\/www.holinessbosque.org.br\/site\/wp-content\/uploads\/2026\/01\/ministerio-infantil-800-3.jpg","type":"image\/jpeg"}],"twitter_card":"summary_large_image","twitter_misc":{"Est. tempo de leitura":"1 minuto"},"schema":{"@context":"https:\/\/schema.org","@graph":[{"@type":"WebPage","@id":"https:\/\/www.holinessbosque.org.br\/site\/index.php\/quem-somos-2\/","url":"https:\/\/www.holinessbosque.org.br\/site\/index.php\/quem-somos-2\/","name":"Minist\u00e9rios - Igreja Evang\u00e9lica Holiness Bosque","isPartOf":{"@id":"https:\/\/www.holinessbosque.org.br\/site\/#website"},"primaryImageOfPage":{"@id":"https:\/\/www.holinessbosque.org.br\/site\/index.php\/quem-somos-2\/#primaryimage"},"image":{"@id":"https:\/\/www.holinessbosque.org.br\/site\/index.php\/quem-somos-2\/#primaryimage"},"thumbnailUrl":"https:\/\/www.holinessbosque.org.br\/site\/wp-content\/uploads\/2026\/01\/ministerio-infantil-800-3.jpg","datePublished":"2024-10-19T20:29:51+00:00","dateModified":"2026-01-24T21:51:17+00:00","breadcrumb":{"@id":"https:\/\/www.holinessbosque.org.br\/site\/index.php\/quem-somos-2\/#breadcrumb"},"inLanguage":"pt-BR","potentialAction":[{"@type":"ReadAction","target":["https:\/\/www.holinessbosque.org.br\/site\/index.php\/quem-somos-2\/"]}]},{"@type":"ImageObject","inLanguage":"pt-BR","@id":"https:\/\/www.holinessbosque.org.br\/site\/index.php\/quem-somos-2\/#primaryimage","url":"https:\/\/www.holinessbosque.org.br\/site\/wp-content\/uploads\/2026\/01\/ministerio-infantil-800-3.jpg","contentUrl":"https:\/\/www.holinessbosque.org.br\/site\/wp-content\/uploads\/2026\/01\/ministerio-infantil-800-3.jpg","width":800,"height":450},{"@type":"BreadcrumbList","@id":"https:\/\/www.holinessbosque.org.br\/site\/index.php\/quem-somos-2\/#breadcrumb","itemListElement":[{"@type":"ListItem","position":1,"name":"In\u00edcio","item":"https:\/\/www.holinessbosque.org.br\/site\/"},{"@type":"ListItem","position":2,"name":"Minist\u00e9rios"}]},{"@type":"WebSite","@id":"https:\/\/www.holinessbosque.org.br\/site\/#website","url":"https:\/\/www.holinessbosque.org.br\/site\/","name":"Igreja Evang\u00e9lica Holiness Bosque","description":"Igreja simples, cristoc\u00eantrica e discipuladora","publisher":{"@id":"https:\/\/www.holinessbosque.org.br\/site\/#organization"},"potentialAction":[{"@type":"SearchAction","target":{"@type":"EntryPoint","urlTemplate":"https:\/\/www.holinessbosque.org.br\/site\/?s={search_term_string}"},"query-input":{"@type":"PropertyValueSpecification","valueRequired":true,"valueName":"search_term_string"}}],"inLanguage":"pt-BR"},{"@type":"Organization","@id":"https:\/\/www.holinessbosque.org.br\/site\/#organization","name":"Igreja Evang\u00e9lica Holiness Bosque","url":"https:\/\/www.holinessbosque.org.br\/site\/","logo":{"@type":"ImageObject","inLanguage":"pt-BR","@id":"https:\/\/www.holinessbosque.org.br\/site\/#\/schema\/logo\/image\/","url":"https:\/\/www.holinessbosque.org.br\/site\/wp-content\/uploads\/2024\/09\/bosque_reduzida-cor.png","contentUrl":"https:\/\/www.holinessbosque.org.br\/site\/wp-content\/uploads\/2024\/09\/bosque_reduzida-cor.png","width":1843,"height":269,"caption":"Igreja Evang\u00e9lica Holiness Bosque"},"image":{"@id":"https:\/\/www.holinessbosque.org.br\/site\/#\/schema\/logo\/image\/"}}]}},"_links":{"self":[{"href":"https:\/\/www.holinessbosque.org.br\/site\/index.php\/wp-json\/wp\/v2\/pages\/132","targetHints":{"allow":["GET"]}}],"collection":[{"href":"https:\/\/www.holinessbosque.org.br\/site\/index.php\/wp-json\/wp\/v2\/pages"}],"about":[{"href":"https:\/\/www.holinessbosque.org.br\/site\/index.php\/wp-json\/wp\/v2\/types\/page"}],"author":[{"embeddable":true,"href":"https:\/\/www.holinessbosque.org.br\/site\/index.php\/wp-json\/wp\/v2\/users\/2"}],"replies":[{"embeddable":true,"href":"https:\/\/www.holinessbosque.org.br\/site\/index.php\/wp-json\/wp\/v2\/comments?post=132"}],"version-history":[{"count":15,"href":"https:\/\/www.holinessbosque.org.br\/site\/index.php\/wp-json\/wp\/v2\/pages\/132\/revisions"}],"predecessor-version":[{"id":268,"href":"https:\/\/www.holinessbosque.org.br\/site\/index.php\/wp-json\/wp\/v2\/pages\/132\/revisions\/268"}],"wp:attachment":[{"href":"https:\/\/www.holinessbosque.org.br\/site\/index.php\/wp-json\/wp\/v2\/media?parent=132"}],"curies":[{"name":"wp","href":"https:\/\/api.w.org\/{rel}","templated":true}]}}