{"id":217,"date":"2026-01-24T23:52:48","date_gmt":"2026-01-25T02:52:48","guid":{"rendered":"https:\/\/www.holinessbosque.org.br\/site\/?page_id=217"},"modified":"2026-01-24T23:52:48","modified_gmt":"2026-01-25T02:52:48","slug":"mensagens-em-japones","status":"publish","type":"page","link":"https:\/\/www.holinessbosque.org.br\/site\/index.php\/mensagens-em-japones\/","title":{"rendered":"Mensagens em Japon\u00eas"},"content":{"rendered":"\n<div class=\"wp-block-query is-layout-flow wp-block-query-is-layout-flow\"><ul class=\"wp-block-post-template is-layout-flow wp-block-post-template-is-layout-flow\"><li class=\"wp-block-post post-331 post type-post status-publish format-standard has-post-thumbnail hentry category-japones category-mensagens\">\n\n<div class=\"wp-block-columns alignwide is-layout-flex wp-container-core-columns-is-layout-28f84493 wp-block-columns-is-layout-flex\">\n<div class=\"wp-block-column is-layout-flow wp-block-column-is-layout-flow\" style=\"flex-basis:66.66%\"><figure class=\"wp-block-post-featured-image\"><a href=\"https:\/\/www.holinessbosque.org.br\/site\/index.php\/2026\/02\/08\/um-olhar-de-bencao\/\" target=\"_self\"  ><img fetchpriority=\"high\" decoding=\"async\" width=\"1280\" height=\"853\" src=\"https:\/\/www.holinessbosque.org.br\/site\/wp-content\/uploads\/2026\/02\/horizonte-dimitrisvetsikas1969-sea-7598498_1280.jpg\" class=\"attachment-post-thumbnail size-post-thumbnail wp-post-image\" alt=\"Um olhar de b\u00ean\u00e7\u00e3o (\u795d\u798f\u306e\u8996\u7dda)\" style=\"object-fit:cover;\" srcset=\"https:\/\/www.holinessbosque.org.br\/site\/wp-content\/uploads\/2026\/02\/horizonte-dimitrisvetsikas1969-sea-7598498_1280.jpg 1280w, https:\/\/www.holinessbosque.org.br\/site\/wp-content\/uploads\/2026\/02\/horizonte-dimitrisvetsikas1969-sea-7598498_1280-300x200.jpg 300w, https:\/\/www.holinessbosque.org.br\/site\/wp-content\/uploads\/2026\/02\/horizonte-dimitrisvetsikas1969-sea-7598498_1280-1024x682.jpg 1024w, https:\/\/www.holinessbosque.org.br\/site\/wp-content\/uploads\/2026\/02\/horizonte-dimitrisvetsikas1969-sea-7598498_1280-768x512.jpg 768w\" sizes=\"(max-width: 1280px) 100vw, 1280px\" \/><\/a><\/figure><\/div>\n\n\n\n<div class=\"wp-block-column is-layout-flow wp-block-column-is-layout-flow\" style=\"flex-basis:33.33%\"><h2 class=\"wp-block-post-title\"><a href=\"https:\/\/www.holinessbosque.org.br\/site\/index.php\/2026\/02\/08\/um-olhar-de-bencao\/\" target=\"_self\" >Um olhar de b\u00ean\u00e7\u00e3o (\u795d\u798f\u306e\u8996\u7dda)<\/a><\/h2>\n\n<div class=\"wp-block-post-excerpt\"><p class=\"wp-block-post-excerpt__excerpt\">\u30a4\u30b6\u30e4\u66f8 45:22\u306b\u57fa\u3065\u304d\u3001\u4e3b\u3092\u4ef0\u304e\u898b\u308b\u3053\u3068\u306e\u91cd\u8981\u6027\u3092\u5206\u304b\u3061\u5408\u3044\u307e\u3059\u3002\u79c1\u305f\u3061\u306e\u8996\u7dda\u3092\u30a4\u30a8\u30b9\u69d8\u306b\u56fa\u5b9a\u3059\u308b\u6642\u3001\u5fc3\u306f\u5149\u3067\u6e80\u305f\u3055\u308c\u3001\u771f\u306e\u6551\u3044\u3068\u56de\u5fa9\u3078\u3068\u5c0e\u304b\u308c\u307e\u3059\u3002 <\/p><\/div><\/div>\n<\/div>\n\n<\/li><li class=\"wp-block-post post-245 post type-post status-publish format-standard has-post-thumbnail hentry category-japones category-mensagens\">\n\n<div class=\"wp-block-columns alignwide is-layout-flex wp-container-core-columns-is-layout-28f84493 wp-block-columns-is-layout-flex\">\n<div class=\"wp-block-column is-layout-flow wp-block-column-is-layout-flow\" style=\"flex-basis:66.66%\"><figure class=\"wp-block-post-featured-image\"><a href=\"https:\/\/www.holinessbosque.org.br\/site\/index.php\/2025\/07\/07\/sermao-sobre-pais-e-filhos-japones\/\" target=\"_self\"  ><img decoding=\"async\" width=\"1200\" height=\"800\" src=\"https:\/\/www.holinessbosque.org.br\/site\/wp-content\/uploads\/2026\/01\/familia-scaled-e1769295609631.jpg\" class=\"attachment-post-thumbnail size-post-thumbnail wp-post-image\" alt=\"Mensagem \u201cSobre Pais e Filhos\u201d \u300c\u7236\u3068\u5b50\u306b\u3064\u3044\u3066\u300d\u3000\u3000\u3000\u3000\u3000\u3000\" style=\"object-fit:cover;\" \/><\/a><\/figure><\/div>\n\n\n\n<div class=\"wp-block-column is-layout-flow wp-block-column-is-layout-flow\" style=\"flex-basis:33.33%\"><h2 class=\"wp-block-post-title\"><a href=\"https:\/\/www.holinessbosque.org.br\/site\/index.php\/2025\/07\/07\/sermao-sobre-pais-e-filhos-japones\/\" target=\"_self\" >Mensagem \u201cSobre Pais e Filhos\u201d \u300c\u7236\u3068\u5b50\u306b\u3064\u3044\u3066\u300d\u3000\u3000\u3000\u3000\u3000\u3000<\/a><\/h2>\n\n<div class=\"wp-block-post-excerpt\"><p class=\"wp-block-post-excerpt__excerpt\">\u6bce\u5e74(\u307e\u3044\u3068\u3057)\u3001\u79c1(\u308f\u305f\u3057)\u305f\u3061\u306f\u6bcd(\u306f\u306f)\u306e\u65e5(\u306b\u3061)\u3092\u795d(\u3044\u308f)\u3044\u307e\u3059\u3002\u304a\u305d\u3089\u304f\u30af\u30ea\u30b9\u30de\u30b9\u306b\u6b21(\u3064)\u3044\u3067\u3001\u6700\u3082(\u3082\u3063\u3068\u3082)\u8a18\u61b6(\u304d\u304a\u304f)\u306b\u6b8b(\u306e\u3053)\u308a\u3001\u795d(\u3044\u308f)\u308f\u308c\u308b\u65e5(\u3072)\u3067\u3057\u3087\u3046\u3002 <\/p><\/div><\/div>\n<\/div>\n\n<\/li><li class=\"wp-block-post post-323 post type-post status-publish format-standard has-post-thumbnail hentry category-japones category-mensagens\">\n\n<div class=\"wp-block-columns alignwide is-layout-flex wp-container-core-columns-is-layout-28f84493 wp-block-columns-is-layout-flex\">\n<div class=\"wp-block-column is-layout-flow wp-block-column-is-layout-flow\" style=\"flex-basis:66.66%\"><figure class=\"wp-block-post-featured-image\"><a href=\"https:\/\/www.holinessbosque.org.br\/site\/index.php\/2025\/05\/30\/lidando-com-a-ansiedade-japones\/\" target=\"_self\"  ><img decoding=\"async\" width=\"2560\" height=\"1708\" src=\"https:\/\/www.holinessbosque.org.br\/site\/wp-content\/uploads\/2025\/05\/ansiedade2-scaled.jpg\" class=\"attachment-post-thumbnail size-post-thumbnail wp-post-image\" alt=\"Lidando com a ansiedade \u300c\u4e0d\u5b89\u306b\u5bfe\u51e6\u300d\" style=\"object-fit:cover;\" srcset=\"https:\/\/www.holinessbosque.org.br\/site\/wp-content\/uploads\/2025\/05\/ansiedade2-scaled.jpg 2560w, https:\/\/www.holinessbosque.org.br\/site\/wp-content\/uploads\/2025\/05\/ansiedade2-300x200.jpg 300w, https:\/\/www.holinessbosque.org.br\/site\/wp-content\/uploads\/2025\/05\/ansiedade2-1024x683.jpg 1024w, https:\/\/www.holinessbosque.org.br\/site\/wp-content\/uploads\/2025\/05\/ansiedade2-768x512.jpg 768w, https:\/\/www.holinessbosque.org.br\/site\/wp-content\/uploads\/2025\/05\/ansiedade2-1536x1025.jpg 1536w, https:\/\/www.holinessbosque.org.br\/site\/wp-content\/uploads\/2025\/05\/ansiedade2-2048x1366.jpg 2048w\" sizes=\"(max-width: 2560px) 100vw, 2560px\" \/><\/a><\/figure><\/div>\n\n\n\n<div class=\"wp-block-column is-layout-flow wp-block-column-is-layout-flow\" style=\"flex-basis:33.33%\"><h2 class=\"wp-block-post-title\"><a href=\"https:\/\/www.holinessbosque.org.br\/site\/index.php\/2025\/05\/30\/lidando-com-a-ansiedade-japones\/\" target=\"_self\" >Lidando com a ansiedade \u300c\u4e0d\u5b89\u306b\u5bfe\u51e6\u300d<\/a><\/h2>\n\n<div class=\"wp-block-post-excerpt\"><p class=\"wp-block-post-excerpt__excerpt\">\u306f\u3058\u3081\u306b\uff1a\u706b\u66dc\u65e5(\u304b\u3088\u3046\u3073)\u306e\u591c(\u3088\u308b)\u306b\u958b\u50ac(\u304b\u3044\u3055\u3044)\u3055\u308c\u3066\u3044\u308b\u300c\u68ee(\u3082\u308a)\u306e\u5b66(\u307e\u306a)\u3073\u300d\u30aa\u30f3\u30e9\u30a4\u30f3(\u304a\u3093\u3089\u3044\u3093)\u6388\u696d(\u3058\u3085\u304e\u3087\u3046)\u3067\u306f\u3001\u6700\u8fd1(\u3055\u3044\u304d\u3093)\u30a8\u30b9\u30c6\u30eb(\u3048\u3059\u3066\u308b)\u306e\u751f\u6daf(\u3057\u3087\u3046\u304c\u3044)\u306b\u3064\u3044\u3066\u5b66(\u307e\u306a)\u3073\u307e\u3057\u305f\u3002 <\/p><\/div><\/div>\n<\/div>\n\n<\/li><\/ul><\/div>\n","protected":false},"excerpt":{"rendered":"","protected":false},"author":1,"featured_media":0,"parent":0,"menu_order":0,"comment_status":"closed","ping_status":"closed","template":"","meta":{"footnotes":""},"class_list":["post-217","page","type-page","status-publish","hentry"],"yoast_head":"<!-- This site is optimized with the Yoast SEO plugin v27.4 - https:\/\/yoast.com\/product\/yoast-seo-wordpress\/ -->\n<title>Mensagens em Japon\u00eas - Igreja Evang\u00e9lica Holiness Bosque<\/title>\n<meta name=\"robots\" content=\"index, follow, max-snippet:-1, max-image-preview:large, max-video-preview:-1\" \/>\n<link rel=\"canonical\" href=\"https:\/\/www.holinessbosque.org.br\/site\/index.php\/mensagens-em-japones\/\" \/>\n<meta property=\"og:locale\" content=\"pt_BR\" \/>\n<meta property=\"og:type\" content=\"article\" \/>\n<meta property=\"og:title\" content=\"Mensagens em Japon\u00eas - Igreja Evang\u00e9lica Holiness Bosque\" \/>\n<meta property=\"og:url\" content=\"https:\/\/www.holinessbosque.org.br\/site\/index.php\/mensagens-em-japones\/\" \/>\n<meta property=\"og:site_name\" content=\"Igreja Evang\u00e9lica Holiness Bosque\" \/>\n<meta name=\"twitter:card\" content=\"summary_large_image\" \/>\n<script type=\"application\/ld+json\" class=\"yoast-schema-graph\">{\"@context\":\"https:\\\/\\\/schema.org\",\"@graph\":[{\"@type\":\"WebPage\",\"@id\":\"https:\\\/\\\/www.holinessbosque.org.br\\\/site\\\/index.php\\\/mensagens-em-japones\\\/\",\"url\":\"https:\\\/\\\/www.holinessbosque.org.br\\\/site\\\/index.php\\\/mensagens-em-japones\\\/\",\"name\":\"Mensagens em Japon\u00eas - Igreja Evang\u00e9lica Holiness Bosque\",\"isPartOf\":{\"@id\":\"https:\\\/\\\/www.holinessbosque.org.br\\\/site\\\/#website\"},\"datePublished\":\"2026-01-25T02:52:48+00:00\",\"breadcrumb\":{\"@id\":\"https:\\\/\\\/www.holinessbosque.org.br\\\/site\\\/index.php\\\/mensagens-em-japones\\\/#breadcrumb\"},\"inLanguage\":\"pt-BR\",\"potentialAction\":[{\"@type\":\"ReadAction\",\"target\":[\"https:\\\/\\\/www.holinessbosque.org.br\\\/site\\\/index.php\\\/mensagens-em-japones\\\/\"]}]},{\"@type\":\"BreadcrumbList\",\"@id\":\"https:\\\/\\\/www.holinessbosque.org.br\\\/site\\\/index.php\\\/mensagens-em-japones\\\/#breadcrumb\",\"itemListElement\":[{\"@type\":\"ListItem\",\"position\":1,\"name\":\"In\u00edcio\",\"item\":\"https:\\\/\\\/www.holinessbosque.org.br\\\/site\\\/\"},{\"@type\":\"ListItem\",\"position\":2,\"name\":\"Mensagens em Japon\u00eas\"}]},{\"@type\":\"WebSite\",\"@id\":\"https:\\\/\\\/www.holinessbosque.org.br\\\/site\\\/#website\",\"url\":\"https:\\\/\\\/www.holinessbosque.org.br\\\/site\\\/\",\"name\":\"Igreja Evang\u00e9lica Holiness Bosque\",\"description\":\"Igreja simples, cristoc\u00eantrica e discipuladora\",\"publisher\":{\"@id\":\"https:\\\/\\\/www.holinessbosque.org.br\\\/site\\\/#organization\"},\"potentialAction\":[{\"@type\":\"SearchAction\",\"target\":{\"@type\":\"EntryPoint\",\"urlTemplate\":\"https:\\\/\\\/www.holinessbosque.org.br\\\/site\\\/?s={search_term_string}\"},\"query-input\":{\"@type\":\"PropertyValueSpecification\",\"valueRequired\":true,\"valueName\":\"search_term_string\"}}],\"inLanguage\":\"pt-BR\"},{\"@type\":\"Organization\",\"@id\":\"https:\\\/\\\/www.holinessbosque.org.br\\\/site\\\/#organization\",\"name\":\"Igreja Evang\u00e9lica Holiness Bosque\",\"url\":\"https:\\\/\\\/www.holinessbosque.org.br\\\/site\\\/\",\"logo\":{\"@type\":\"ImageObject\",\"inLanguage\":\"pt-BR\",\"@id\":\"https:\\\/\\\/www.holinessbosque.org.br\\\/site\\\/#\\\/schema\\\/logo\\\/image\\\/\",\"url\":\"https:\\\/\\\/www.holinessbosque.org.br\\\/site\\\/wp-content\\\/uploads\\\/2024\\\/09\\\/bosque_reduzida-cor.png\",\"contentUrl\":\"https:\\\/\\\/www.holinessbosque.org.br\\\/site\\\/wp-content\\\/uploads\\\/2024\\\/09\\\/bosque_reduzida-cor.png\",\"width\":1843,\"height\":269,\"caption\":\"Igreja Evang\u00e9lica Holiness Bosque\"},\"image\":{\"@id\":\"https:\\\/\\\/www.holinessbosque.org.br\\\/site\\\/#\\\/schema\\\/logo\\\/image\\\/\"}}]}<\/script>\n<!-- \/ Yoast SEO plugin. -->","yoast_head_json":{"title":"Mensagens em Japon\u00eas - Igreja Evang\u00e9lica Holiness Bosque","robots":{"index":"index","follow":"follow","max-snippet":"max-snippet:-1","max-image-preview":"max-image-preview:large","max-video-preview":"max-video-preview:-1"},"canonical":"https:\/\/www.holinessbosque.org.br\/site\/index.php\/mensagens-em-japones\/","og_locale":"pt_BR","og_type":"article","og_title":"Mensagens em Japon\u00eas - Igreja Evang\u00e9lica Holiness Bosque","og_url":"https:\/\/www.holinessbosque.org.br\/site\/index.php\/mensagens-em-japones\/","og_site_name":"Igreja Evang\u00e9lica Holiness Bosque","twitter_card":"summary_large_image","schema":{"@context":"https:\/\/schema.org","@graph":[{"@type":"WebPage","@id":"https:\/\/www.holinessbosque.org.br\/site\/index.php\/mensagens-em-japones\/","url":"https:\/\/www.holinessbosque.org.br\/site\/index.php\/mensagens-em-japones\/","name":"Mensagens em Japon\u00eas - Igreja Evang\u00e9lica Holiness Bosque","isPartOf":{"@id":"https:\/\/www.holinessbosque.org.br\/site\/#website"},"datePublished":"2026-01-25T02:52:48+00:00","breadcrumb":{"@id":"https:\/\/www.holinessbosque.org.br\/site\/index.php\/mensagens-em-japones\/#breadcrumb"},"inLanguage":"pt-BR","potentialAction":[{"@type":"ReadAction","target":["https:\/\/www.holinessbosque.org.br\/site\/index.php\/mensagens-em-japones\/"]}]},{"@type":"BreadcrumbList","@id":"https:\/\/www.holinessbosque.org.br\/site\/index.php\/mensagens-em-japones\/#breadcrumb","itemListElement":[{"@type":"ListItem","position":1,"name":"In\u00edcio","item":"https:\/\/www.holinessbosque.org.br\/site\/"},{"@type":"ListItem","position":2,"name":"Mensagens em Japon\u00eas"}]},{"@type":"WebSite","@id":"https:\/\/www.holinessbosque.org.br\/site\/#website","url":"https:\/\/www.holinessbosque.org.br\/site\/","name":"Igreja Evang\u00e9lica Holiness Bosque","description":"Igreja simples, cristoc\u00eantrica e discipuladora","publisher":{"@id":"https:\/\/www.holinessbosque.org.br\/site\/#organization"},"potentialAction":[{"@type":"SearchAction","target":{"@type":"EntryPoint","urlTemplate":"https:\/\/www.holinessbosque.org.br\/site\/?s={search_term_string}"},"query-input":{"@type":"PropertyValueSpecification","valueRequired":true,"valueName":"search_term_string"}}],"inLanguage":"pt-BR"},{"@type":"Organization","@id":"https:\/\/www.holinessbosque.org.br\/site\/#organization","name":"Igreja Evang\u00e9lica Holiness Bosque","url":"https:\/\/www.holinessbosque.org.br\/site\/","logo":{"@type":"ImageObject","inLanguage":"pt-BR","@id":"https:\/\/www.holinessbosque.org.br\/site\/#\/schema\/logo\/image\/","url":"https:\/\/www.holinessbosque.org.br\/site\/wp-content\/uploads\/2024\/09\/bosque_reduzida-cor.png","contentUrl":"https:\/\/www.holinessbosque.org.br\/site\/wp-content\/uploads\/2024\/09\/bosque_reduzida-cor.png","width":1843,"height":269,"caption":"Igreja Evang\u00e9lica Holiness Bosque"},"image":{"@id":"https:\/\/www.holinessbosque.org.br\/site\/#\/schema\/logo\/image\/"}}]}},"_links":{"self":[{"href":"https:\/\/www.holinessbosque.org.br\/site\/index.php\/wp-json\/wp\/v2\/pages\/217","targetHints":{"allow":["GET"]}}],"collection":[{"href":"https:\/\/www.holinessbosque.org.br\/site\/index.php\/wp-json\/wp\/v2\/pages"}],"about":[{"href":"https:\/\/www.holinessbosque.org.br\/site\/index.php\/wp-json\/wp\/v2\/types\/page"}],"author":[{"embeddable":true,"href":"https:\/\/www.holinessbosque.org.br\/site\/index.php\/wp-json\/wp\/v2\/users\/1"}],"replies":[{"embeddable":true,"href":"https:\/\/www.holinessbosque.org.br\/site\/index.php\/wp-json\/wp\/v2\/comments?post=217"}],"version-history":[{"count":2,"href":"https:\/\/www.holinessbosque.org.br\/site\/index.php\/wp-json\/wp\/v2\/pages\/217\/revisions"}],"predecessor-version":[{"id":304,"href":"https:\/\/www.holinessbosque.org.br\/site\/index.php\/wp-json\/wp\/v2\/pages\/217\/revisions\/304"}],"wp:attachment":[{"href":"https:\/\/www.holinessbosque.org.br\/site\/index.php\/wp-json\/wp\/v2\/media?parent=217"}],"curies":[{"name":"wp","href":"https:\/\/api.w.org\/{rel}","templated":true}]}}